{"id":67,"date":"2026-02-20T19:20:24","date_gmt":"2026-02-20T19:20:24","guid":{"rendered":"https:\/\/gruposirio.com\/?page_id=67"},"modified":"2026-02-20T19:43:59","modified_gmt":"2026-02-20T19:43:59","slug":"67-2","status":"publish","type":"page","link":"https:\/\/gruposirio.com\/?page_id=67","title":{"rendered":""},"content":{"rendered":"\n<div class=\"wp-block-cover is-light\"><img loading=\"lazy\" decoding=\"async\" width=\"1024\" height=\"683\" class=\"wp-block-cover__image-background wp-image-50 size-large\" alt=\"\" src=\"https:\/\/gruposirio.com\/wp-content\/uploads\/2026\/01\/curved-layers-colored-papers-1024x683.jpg\" data-object-fit=\"cover\" srcset=\"https:\/\/gruposirio.com\/wp-content\/uploads\/2026\/01\/curved-layers-colored-papers-1024x683.jpg 1024w, https:\/\/gruposirio.com\/wp-content\/uploads\/2026\/01\/curved-layers-colored-papers-300x200.jpg 300w, https:\/\/gruposirio.com\/wp-content\/uploads\/2026\/01\/curved-layers-colored-papers-768x512.jpg 768w, https:\/\/gruposirio.com\/wp-content\/uploads\/2026\/01\/curved-layers-colored-papers-1536x1024.jpg 1536w, https:\/\/gruposirio.com\/wp-content\/uploads\/2026\/01\/curved-layers-colored-papers-2048x1365.jpg 2048w\" sizes=\"auto, (max-width: 1024px) 100vw, 1024px\" \/><span aria-hidden=\"true\" class=\"wp-block-cover__background has-background-dim\" style=\"background-color:#987e8e\"><\/span><div class=\"wp-block-cover__inner-container has-global-padding is-layout-constrained wp-block-cover-is-layout-constrained\">\n<p class=\"has-text-align-center has-contrast-light-color has-text-color has-link-color wp-elements-95e8c43d4d05370a85156d3de9c13f42\" style=\"font-size:clamp(36.08px, 2.255rem + ((1vw - 3.2px) * 3.4), 66px);\"><strong>Quienes Somos?<\/strong><\/p>\n\n\n\n<p class=\"has-text-align-center has-contrast-light-color has-text-color has-link-color wp-elements-98008ad1b644548fd5df73fc69b8f439\">Somos una empresa que lleva 40 a\u00f1os formando parte de la historia en el mundo de las artes gr\u00e1ficas, especializada en impresi\u00f3n. Enfocados en entregar productos que reflejen excelencia, cuidado y calidad.<\/p>\n\n\n\n<p class=\"has-text-align-center has-contrast-light-color has-text-color has-link-color wp-elements-017723553bed2957193469e21a75ed06\">Ofrecemos servicios totalmente personalizados, dise\u00f1ados para adaptarse con precisi\u00f3n a las necesidades \u00fanicas de cada uno de nuestros clientes.<\/p>\n<\/div><\/div>\n\n\n\n<div class=\"wp-block-cover is-light\"><span aria-hidden=\"true\" class=\"wp-block-cover__background has-contrast-light-background-color has-background-dim-100 has-background-dim\"><\/span><div class=\"wp-block-cover__inner-container has-global-padding is-layout-constrained wp-block-cover-is-layout-constrained\">\n<p class=\"has-text-align-center\" style=\"font-size:clamp(36.08px, 2.255rem + ((1vw - 3.2px) * 3.4), 66px);\">Nuestra Misi\u00f3n<\/p>\n\n\n\n<p class=\"has-text-align-center\">Elevamos a nuestros clientes a traves de colaboracion continua, creando productos extraordinarios que demuestran el esp\u00edritu de individualidad de cada cliente. Celebramos las historias \u00fanicas, transformando sus ideas en vibrantes lienzos que demuestren su identidad.<\/p>\n<\/div><\/div>\n\n\n\n<div class=\"wp-block-cover\"><img loading=\"lazy\" decoding=\"async\" width=\"1024\" height=\"795\" class=\"wp-block-cover__image-background wp-image-68 size-large\" alt=\"\" src=\"https:\/\/gruposirio.com\/wp-content\/uploads\/2026\/02\/Screenshot-2026-02-20-at-1.12.41-PM-1024x795.png\" data-object-fit=\"cover\" srcset=\"https:\/\/gruposirio.com\/wp-content\/uploads\/2026\/02\/Screenshot-2026-02-20-at-1.12.41-PM-1024x795.png 1024w, https:\/\/gruposirio.com\/wp-content\/uploads\/2026\/02\/Screenshot-2026-02-20-at-1.12.41-PM-300x233.png 300w, https:\/\/gruposirio.com\/wp-content\/uploads\/2026\/02\/Screenshot-2026-02-20-at-1.12.41-PM-768x596.png 768w, https:\/\/gruposirio.com\/wp-content\/uploads\/2026\/02\/Screenshot-2026-02-20-at-1.12.41-PM.png 1316w\" sizes=\"auto, (max-width: 1024px) 100vw, 1024px\" \/><span aria-hidden=\"true\" class=\"wp-block-cover__background has-background-dim\" style=\"background-color:#877a75\"><\/span><div class=\"wp-block-cover__inner-container has-global-padding is-layout-constrained wp-block-cover-is-layout-constrained\">\n<p class=\"has-text-align-center has-contrast-light-color has-text-color has-link-color wp-elements-c1f959eb25cd8151347edc67a51142f9\" style=\"font-size:clamp(36.08px, 2.255rem + ((1vw - 3.2px) * 3.4), 66px);\">Nuestra Visi\u00f3n<\/p>\n\n\n\n<p class=\"has-text-align-center\">Juntos, generar un espacio donde la creatividad e inspiraci\u00f3n transforman las posibilidades en realidades<\/p>\n<\/div><\/div>\n\n\n\n<p><\/p>\n","protected":false},"excerpt":{"rendered":"","protected":false},"author":1,"featured_media":0,"parent":0,"menu_order":0,"comment_status":"closed","ping_status":"closed","template":"","meta":{"footnotes":""},"class_list":["post-67","page","type-page","status-publish","hentry"],"_links":{"self":[{"href":"https:\/\/gruposirio.com\/index.php?rest_route=\/wp\/v2\/pages\/67","targetHints":{"allow":["GET"]}}],"collection":[{"href":"https:\/\/gruposirio.com\/index.php?rest_route=\/wp\/v2\/pages"}],"about":[{"href":"https:\/\/gruposirio.com\/index.php?rest_route=\/wp\/v2\/types\/page"}],"author":[{"embeddable":true,"href":"https:\/\/gruposirio.com\/index.php?rest_route=\/wp\/v2\/users\/1"}],"replies":[{"embeddable":true,"href":"https:\/\/gruposirio.com\/index.php?rest_route=%2Fwp%2Fv2%2Fcomments&post=67"}],"version-history":[{"count":4,"href":"https:\/\/gruposirio.com\/index.php?rest_route=\/wp\/v2\/pages\/67\/revisions"}],"predecessor-version":[{"id":83,"href":"https:\/\/gruposirio.com\/index.php?rest_route=\/wp\/v2\/pages\/67\/revisions\/83"}],"wp:attachment":[{"href":"https:\/\/gruposirio.com\/index.php?rest_route=%2Fwp%2Fv2%2Fmedia&parent=67"}],"curies":[{"name":"wp","href":"https:\/\/api.w.org\/{rel}","templated":true}]}}